{"id":12784,"date":"2024-07-18T21:31:09","date_gmt":"2024-07-18T19:31:09","guid":{"rendered":"https:\/\/catering.mimosabrunch.sk\/index.php\/zasady-pouzivania-suborov-cookie-eu\/"},"modified":"2024-10-29T16:55:30","modified_gmt":"2024-10-29T15:55:30","slug":"zasady-pouzivania-suborov-cookie-eu","status":"publish","type":"page","link":"https:\/\/catering.mimosabrunch.sk\/index.php\/zasady-pouzivania-suborov-cookie-eu\/","title":{"rendered":"Z\u00e1sady pou\u017e\u00edvania s\u00faborov cookie (E\u00da)"},"content":{"rendered":"\n<h2 class=\"wp-block-heading has-text-align-center\"><strong>Z\u00e1sady pou\u017e\u00edvania s\u00faborov cookie (E\u00da)<\/strong>&nbsp;<\/h2>\n\n\n\n<p>Pre\u010d\u00edtajte si, ako na na\u0161ich webov\u00fdch str\u00e1nkach<br><a href=\"http:\/\/www.catering.mimosabrunch.sk\/\" target=\"_blank\" rel=\"noreferrer noopener\">www.catering.mimosabrunch.sk<\/a>&nbsp;&nbsp;<\/p>\n\n\n\n<p>pracujeme s cookies.&nbsp;<\/p>\n\n\n\n<p><strong>1.\u202fSPR\u00c1VCA A KONTAKTN\u00c9 \u00daDAJE<\/strong>&nbsp;<\/p>\n\n\n\n<p><strong>1.<\/strong>\u202fSpr\u00e1vcom Va\u0161ich osobn\u00fdch \u00fadajov, a teda aj cookies, je spolo\u010dnos\u0165 s\u202fru\u010den\u00edm obmedzen\u00fdm <strong>FolTech\u202fGROUP\u202fs.r.o.<\/strong>, so s\u00eddlom \u0160ancov\u00e1\u202f3573\/33, 831\u202f04\u202fBratislava \u2013 mestsk\u00e1 \u010das\u0165 Nov\u00e9 Mesto, Slovensk\u00e1 republika, I\u010cO: 54\u202f947\u202f758, zap\u00edsan\u00e1 v\u202fObchodnom registri Mestsk\u00e9ho s\u00fadu Bratislava\u202fIII, oddiel\u202fSro, vlo\u017eka \u010d.\u202f165221\/B, zast\u00fapen\u00e1 konate\u013emi <strong>Patrikom\u202fZubajom<\/strong> a <strong>Martinou\u202fTrt\u00edkovou<\/strong>, adresa elektronickej po\u0161ty: <strong>info@mimosabrunch.sk<\/strong>, telef\u00f3nne \u010d\u00edslo: <strong>+421\u202f238\u202f100 367<\/strong> (\u010falej len ako\u00a0 \u201e<strong>FolTech\u202fGROUP\u202fs.r.o.<\/strong>\u201c).\u00a0<\/p>\n\n\n\n<p><strong>2.<\/strong>\u202fNa\u0161e kontaktn\u00e9 \u00fadaje s\u00fa nasledovn\u00e9:&nbsp;<\/p>\n\n\n\n<p>\u25a0\u202fe mail: <strong>info@mimosabrunch.sk<\/strong>&nbsp;<\/p>\n\n\n\n<p>\u25a0\u202ftelef\u00f3n: <strong>+421\u202f238\u202f100 367<\/strong>&nbsp;<\/p>\n\n\n\n<p>\u25a0\u202fadresa s\u00eddla: \u0160ancov\u00e1\u202f3573\/33, 831\u202f04\u202fBratislava \u2013 mestsk\u00e1 \u010das\u0165 Nov\u00e9 Mesto, Slovensk\u00e1 republika&nbsp;&nbsp;<\/p>\n\n\n\n<p>\u25a0\u202fadresa prev\u00e1dzkarne: Pre\u0161ovsk\u00e1 40\/C, 821 02 Bratislava &#8211; mestsk\u00e1 \u010das\u0165 Ru\u017einov, Slovensk\u00e1 republika&nbsp;&nbsp;<\/p>\n\n\n\n<p>Na t\u00fdchto kontaktoch m\u00f4\u017eete tie\u017e uplatni\u0165 v\u0161etky svoje ni\u017e\u0161ie pop\u00edsan\u00e9 pr\u00e1va.&nbsp;<\/p>\n\n\n\n<p><strong>2.\u202fAK\u00c9 DRUHY COOKIES SPRACOV\u00c1VAME?<\/strong>&nbsp;<\/p>\n\n\n\n<p>Spracov\u00e1vame tieto cookies:&nbsp;<\/p>\n\n\n\n<p>\u25a0\u202f<strong>nevyhnutn\u00e9 cookies a funk\u010dn\u00e9 cookies<\/strong> \u2013 bez nich by na\u0161e str\u00e1nky nemohli spr\u00e1vne fungova\u0165, pr\u00edpadne by ste pri ka\u017edom kliknut\u00ed museli znova nastavova\u0165 jazyk str\u00e1nok. V\u010faka nim funguj\u00fa z\u00e1kladn\u00e9 funkcie str\u00e1nok, preto ich spracov\u00e1vame bez toho, aby sme na to potrebovali V\u00e1\u0161 s\u00fahlas.&nbsp;&nbsp;<\/p>\n\n\n\n<p>\u25a0\u202f<strong>analytick\u00e9 cookies<\/strong> \u2013 umo\u017e\u0148uj\u00fa n\u00e1m sledova\u0165 s\u00fahrnn\u00e9 inform\u00e1cie o n\u00e1v\u0161tevnosti na\u0161ich str\u00e1nok a vyu\u017e\u00edvan\u00ed r\u00f4znych funkci\u00ed. Ide iba o \u0161tatistiky. \u00dadaje s\u00fa anonymizovan\u00e9, tak\u017ee V\u00e1s z nich nie sme schopn\u00ed identifikova\u0165; na spracovanie t\u00fdchto cookies tie\u017e nepotrebujeme V\u00e1\u0161 s\u00fahlas.&nbsp;&nbsp;<\/p>\n\n\n\n<p>\u25a0\u202f<strong>marketingov\u00e9 a \u010fal\u0161ie cookies<\/strong> \u2013 umo\u017e\u0148uj\u00fa n\u00e1m napr. zobrazi\u0165 V\u00e1m reklamu, ktor\u00e1 V\u00e1s zauj\u00edma, mera\u0165 \u00fa\u010dinnos\u0165 rekl\u00e1m a pod.; tieto cookies spracov\u00e1vame len pokia\u013e n\u00e1m k tomu d\u00e1te s\u00fahlas.&nbsp;<\/p>\n\n\n\n<p><strong>3.\u202fD\u00d4VODY SPRACOVANIA COOKIES<\/strong>&nbsp;<\/p>\n\n\n\n<p>Mo\u017enosti s\u00fa dve. Bu\u010f s\u00fa cookies potrebn\u00e9 na fungovanie str\u00e1nok alebo ste s t\u00fdm s\u00fahlasili.&nbsp;<\/p>\n\n\n\n<p>Pokia\u013e k tomu m\u00e1me V\u00e1\u0161 s\u00fahlas, m\u00f4\u017eeme v\u010faka cookies prisp\u00f4sobi\u0165 na mieru aj reklamu, ktor\u00e1 sa V\u00e1m bude zobrazova\u0165.&nbsp;<\/p>\n\n\n\n<p>Mo\u017enosti ukladania cookies m\u00f4\u017eete zmeni\u0165 v nastaven\u00ed V\u00e1\u0161ho prehliada\u010da pod\u013ea n\u00e1vodu tu:&nbsp;<\/p>\n\n\n\n<p><strong>\u25a0<\/strong><strong>\u202f<\/strong><strong>Chrome<\/strong> \u2013 tu: <a href=\"https:\/\/support.google.com\/accounts\/answer\/61416?hl=sk&amp;co=GENIE.Platform%3DDesktop\" target=\"_blank\" rel=\"noreferrer noopener\">https:\/\/support.google.com\/accounts\/answer\/61416?hl=sk&amp;co=GENIE.Platform%3DDesktop<\/a>&nbsp;<\/p>\n\n\n\n<p><strong>\u25a0<\/strong><strong>\u202f<\/strong><strong>Microsoft\u202fEdge<\/strong> \u2013 tu:&nbsp;<\/p>\n\n\n\n<p><a href=\"https:\/\/support.microsoft.com\/sk-sk\/office\/povolenie-s%C3%BAborov-cookie-6b018d22-1d24-43d9-8543-3d35ddb2cb52\">https:\/\/support.microsoft.com\/sk-sk\/office\/povolenie-s%C3%BAborov-cookie-6b018d22-1d24-43d9-8543-3d35ddb2cb52<\/a><\/p>\n\n\n\n<p><strong>\u25a0<\/strong><strong>\u202fSafari <\/strong>\u2013 tu:&nbsp;&nbsp;<\/p>\n\n\n\n<p><a href=\"https:\/\/support.apple.com\/sk-sk\/guide\/safari\/sfri35610\/16.0\/mac\/11.0\">https:\/\/support.apple.com\/sk-sk\/guide\/safari\/sfri35610\/16.0\/mac\/11.0<\/a><\/p>\n\n\n\n<p><strong>\u25a0<\/strong><strong>\u202f<\/strong><strong>Mozilla <\/strong>\u2013 tu:&nbsp;&nbsp;<\/p>\n\n\n\n<p><a href=\"https:\/\/support.mozilla.org\/sk\/kb\/cookies-udaje-ktore-webove-stranky-ukladaju-na-vas-pocitac\">https:\/\/support.mozilla.org\/sk\/kb\/cookies-udaje-ktore-webove-stranky-ukladaju-na-vas-pocitac<\/a><\/p>\n\n\n\n<p><strong>4. AK\u00c9 COOKIES POU\u017d\u00cdVAME?<\/strong>&nbsp;<\/p>\n\n\n\n<p><strong>1.<\/strong>\u202fNi\u017e\u0161ie s\u00fa uveden\u00e9 s\u00fabory cookies, ktor\u00e9 pou\u017e\u00edvame na na\u0161ich str\u00e1nkach. Vezmite, pros\u00edm, na vedomie, \u017ee n\u00e1zvy cookies, pixelov a \u010fal\u0161\u00edch technol\u00f3gi\u00ed sa m\u00f4\u017eu v priebehu \u010dasu meni\u0165, av\u0161ak budeme sa v\u017edy sna\u017ei\u0165 udr\u017ea\u0165 inform\u00e1cie aktu\u00e1lne.&nbsp;<\/p>\n\n\n\n<p><strong>2.\u202fNevyhnutn\u00e9 cookies a \u202ffunk\u010dn\u00e9 cookies\u00a0<\/strong>\u00a0<\/p>\n\n\n\n<p><strong>N\u00e1zov cookie<\/strong>,<strong> n\u00e1zov dom\u00e9ny, doba vypr\u0161ania<\/strong>\u00a0<\/p>\n\n\n\n<p>Nevyhnutn\u00e9 cookies a funk\u010dn\u00e9 cookies, catering.mimosabrunch.sk, 365 dn\u00ed\u00a0\u00a0<\/p>\n\n\n\n<p><strong>3.\u202fAnalytick\u00e9 cookies<\/strong>&nbsp;<\/p>\n\n\n\n<p><strong>N\u00e1zov cookie, n\u00e1zov dom\u00e9ny, doba vypr\u0161ania<\/strong>\u00a0<\/p>\n\n\n\n<p>Analytick\u00e9 cookies, catering.mimosabrunch.sk, 365 dn\u00ed\u00a0\u00a0<\/p>\n\n\n\n<p><strong>4.\u202fMarketingov\u00e9 a\u202f\u010fal\u0161ie cookies<\/strong>&nbsp;<\/p>\n\n\n\n<p><strong>N\u00e1zov cookie, n\u00e1zov dom\u00e9ny, doba vypr\u0161ania<\/strong>\u00a0<\/p>\n\n\n\n<p>Marketingov\u00e9 a \u010fal\u0161ie cookies, catering.mimosabrunch.sk, 365 dn\u00ed\u00a0<\/p>\n\n\n\n<p><strong>5.\u202fKTO N\u00c1M POM\u00c1HA SPRACOV\u00c1VA\u0164 COOKIES?<\/strong>&nbsp;<\/p>\n\n\n\n<p>Cookies spracov\u00e1vame sami.&nbsp;<\/p>\n\n\n\n<p><strong>6.\u202fAK\u00c9 M\u00c1TE PR\u00c1VA VO VZ\u0164AHU KU COOKIES,<\/strong>&nbsp;<strong>KTOR\u00c9 SPRACOV\u00c1VAME?<\/strong>&nbsp;<\/p>\n\n\n\n<p><strong>1.<\/strong>\u202fNa vy\u0161\u0161ie uveden\u00fdch kontaktoch m\u00f4\u017eete tie\u017e uplatni\u0165 v\u0161etky \u010falej pop\u00edsan\u00e9 pr\u00e1va:&nbsp;<\/p>\n\n\n\n<p><strong>\u25a0<\/strong><strong>\u202f<\/strong>po\u017eadova\u0165 pr\u00edstup k svojim osobn\u00fdm \u00fadajom,&nbsp;&nbsp;<\/p>\n\n\n\n<p><strong>\u25a0<\/strong><strong>\u202f<\/strong>po\u017eadova\u0165 opravu svojich osobn\u00fdch \u00fadajov,&nbsp;&nbsp;<\/p>\n\n\n\n<p><strong>\u25a0<\/strong><strong>\u202f<\/strong>vznies\u0165 n\u00e1mietku proti sp\u00f4sobom n\u00e1\u0161ho spracovania Va\u0161ich osobn\u00fdch \u00fadajov,&nbsp;&nbsp;<\/p>\n\n\n\n<p><strong>\u25a0<\/strong>\u202fpo\u017eadova\u0165, aby sme Va\u0161e osobn\u00e9 \u00fadaje vymazali,&nbsp;&nbsp;<\/p>\n\n\n\n<p><strong>\u25a0<\/strong>\u202fpo\u017eadova\u0165, aby sme obmedzili spracovanie Va\u0161ich osobn\u00fdch \u00fadajov,&nbsp;&nbsp;<\/p>\n\n\n\n<p><strong>\u25a0<\/strong>\u202fpo\u017eadova\u0165, aby sme Va\u0161e \u00fadaje v strojovo \u010ditate\u013enej forme odovzdali \u010fal\u0161iemu prev\u00e1dzkovate\u013eovi.&nbsp;<\/p>\n\n\n\n<p><strong>2.<\/strong>\u202fDrviv\u00e1 v\u00e4\u010d\u0161ina d\u00e1t, ktor\u00e9 z\u00edskavame v\u010faka cookies, je anonymizovan\u00e1. Nedok\u00e1\u017eeme presne poveda\u0165, o koho ide. T\u00fdm p\u00e1dom v niektor\u00fdch pr\u00edpadoch ani nevieme Va\u0161im vy\u0161\u0161ie pop\u00edsan\u00fdm pr\u00e1vam \u00faplne vyhovie\u0165.&nbsp;<\/p>\n\n\n\n<p><strong>3.<\/strong>\u202f\u010ealej m\u00f4\u017eete tie\u017e poda\u0165 s\u0165a\u017enos\u0165 na <strong>\u00darad na\u202fochranu osobn\u00fdch \u00fadajov Slovenskej republiky<\/strong>, Hrani\u010dn\u00e1\u202f12, 820\u202f07\u202fBratislava\u202f27, Slovensk\u00e1 republika, webov\u00e1 str\u00e1nka: <a href=\"http:\/\/www.dataprotection.gov.sk\/\" target=\"_blank\" rel=\"noreferrer noopener\">www.dataprotection.gov.sk<\/a>, e-mailov\u00e1 adresa: <a href=\"mailto:statny.dozor@pdp.gov.sk\" target=\"_blank\" rel=\"noreferrer noopener\">statny.dozor@pdp.gov.sk<\/a>, telef\u00f3n \u2013 sekretari\u00e1t \u00faradu: <strong>+421\u202f2\u202f3231\u202f3214<\/strong>, <strong>+421\u202f2\u202f3231\u202f3249<\/strong>.&nbsp;&nbsp;<\/p>\n\n\n\n<p>Samozrejme ale budeme radi, ak pripomienky najsk\u00f4r sk\u00fasite prebra\u0165 s nami a\u202fspolo\u010dne sa pok\u00fasime ich vyrie\u0161i\u0165 k Va\u0161ej spokojnosti.&nbsp;<\/p>\n\n\n\n<p><strong>4.<\/strong>\u202fPokia\u013e m\u00e1te ak\u00e9ko\u013evek ot\u00e1zky oh\u013eadom sp\u00f4sobu spracovania cookies, m\u00f4\u017eete n\u00e1m nap\u00edsa\u0165 na e-mail: <strong>info@mimsabrunch.sk<\/strong> alebo sa s nami spoji\u0165 cez ak\u00fdko\u013evek in\u00fd vy\u0161\u0161ie uveden\u00fd kontakt.&nbsp;<\/p>\n\n\n\n<p>Tieto inform\u00e1cie m\u00f4\u017eeme z \u010dasu na \u010das aktualizova\u0165. Preto odpor\u00fa\u010dame, aby ste sa na t\u00fato str\u00e1nku ob\u010das pozreli.&nbsp;<\/p>\n\n\n\n<p>Tieto inform\u00e1cie boli vydan\u00e9 d\u0148a <strong>08.04.2024.&nbsp;<\/strong>&nbsp;&nbsp;<\/p>\n\n\n\n<p>V\u202fBratislave, d\u0148a 08.04.2024&nbsp;<\/p>\n\n\n\n<p><strong>FolTech GROUP\u202fs.r.o.<\/strong>&nbsp;<\/p>\n\n\n\n<p><strong>Patrik Zubaj <\/strong>\u2013 konate\u013e spolo\u010dnosti\u00a0\u00a0\u00a0\u00a0<\/p>\n\n\n\n<p><strong>Martina Trtikov\u00e1 <\/strong>\u2013 konate\u013e spolo\u010dnosti&nbsp;<\/p>\n\n\n\n<p><\/p>\n","protected":false},"excerpt":{"rendered":"<p>Z\u00e1sady pou\u017e\u00edvania s\u00faborov cookie (E\u00da)&nbsp; Pre\u010d\u00edtajte si, ako na na\u0161ich webov\u00fdch str\u00e1nkachwww.catering.mimosabrunch.sk&nbsp;&nbsp; pracujeme s cookies.&nbsp; 1.\u202fSPR\u00c1VCA A KONTAKTN\u00c9 \u00daDAJE&nbsp; 1.\u202fSpr\u00e1vcom Va\u0161ich osobn\u00fdch \u00fadajov, a teda aj cookies, je spolo\u010dnos\u0165 s\u202fru\u010den\u00edm obmedzen\u00fdm FolTech\u202fGROUP\u202fs.r.o., so s\u00eddlom \u0160ancov\u00e1\u202f3573\/33, 831\u202f04\u202fBratislava \u2013 mestsk\u00e1 \u010das\u0165 Nov\u00e9 Mesto, Slovensk\u00e1 republika, I\u010cO: 54\u202f947\u202f758, zap\u00edsan\u00e1 v\u202fObchodnom registri Mestsk\u00e9ho s\u00fadu Bratislava\u202fIII, oddiel\u202fSro, vlo\u017eka \u010d.\u202f165221\/B, zast\u00fapen\u00e1 [&hellip;]<\/p>\n","protected":false},"author":13,"featured_media":0,"parent":0,"menu_order":0,"comment_status":"closed","ping_status":"closed","template":"","meta":{"rs_blank_template":"","rs_page_bg_color":"","slide_template_v7":"","footnotes":""},"class_list":["post-12784","page","type-page","status-publish","hentry"],"aioseo_notices":[],"jetpack_sharing_enabled":true,"_links":{"self":[{"href":"https:\/\/catering.mimosabrunch.sk\/index.php\/wp-json\/wp\/v2\/pages\/12784","targetHints":{"allow":["GET"]}}],"collection":[{"href":"https:\/\/catering.mimosabrunch.sk\/index.php\/wp-json\/wp\/v2\/pages"}],"about":[{"href":"https:\/\/catering.mimosabrunch.sk\/index.php\/wp-json\/wp\/v2\/types\/page"}],"author":[{"embeddable":true,"href":"https:\/\/catering.mimosabrunch.sk\/index.php\/wp-json\/wp\/v2\/users\/13"}],"replies":[{"embeddable":true,"href":"https:\/\/catering.mimosabrunch.sk\/index.php\/wp-json\/wp\/v2\/comments?post=12784"}],"version-history":[{"count":4,"href":"https:\/\/catering.mimosabrunch.sk\/index.php\/wp-json\/wp\/v2\/pages\/12784\/revisions"}],"predecessor-version":[{"id":12830,"href":"https:\/\/catering.mimosabrunch.sk\/index.php\/wp-json\/wp\/v2\/pages\/12784\/revisions\/12830"}],"wp:attachment":[{"href":"https:\/\/catering.mimosabrunch.sk\/index.php\/wp-json\/wp\/v2\/media?parent=12784"}],"curies":[{"name":"wp","href":"https:\/\/api.w.org\/{rel}","templated":true}]}}