{"id":11849,"date":"2024-03-05T14:37:46","date_gmt":"2024-03-05T13:37:46","guid":{"rendered":"https:\/\/catering.mimosabrunch.sk\/?post_type=product&#038;p=11849"},"modified":"2024-04-02T14:03:23","modified_gmt":"2024-04-02T12:03:23","slug":"zapekane-toasty","status":"publish","type":"product","link":"https:\/\/catering.mimosabrunch.sk\/index.php\/product\/zapekane-toasty\/","title":{"rendered":"ZAPEKAN\u00c9 TOASTY"},"content":{"rendered":"","protected":false},"excerpt":{"rendered":"<p>Maslov\u00e9 toaste plnen\u00e9 syrom, pod\u00e1van\u00e9 s listov\u00fdm \u0161al\u00e1tom azeleninou (1, 7)<\/p>\n","protected":false},"featured_media":11916,"template":"","meta":{"rs_blank_template":"","rs_page_bg_color":"","slide_template_v7":""},"product_brand":[],"product_cat":[82],"product_tag":[83],"class_list":{"0":"post-11849","1":"product","2":"type-product","3":"status-publish","4":"has-post-thumbnail","6":"product_cat-toasty","7":"product_tag-toasty","9":"first","10":"instock","11":"taxable","12":"shipping-taxable","13":"product-type-variable","14":"has-default-attributes"},"aioseo_notices":[],"jetpack_sharing_enabled":true,"_links":{"self":[{"href":"https:\/\/catering.mimosabrunch.sk\/index.php\/wp-json\/wp\/v2\/product\/11849","targetHints":{"allow":["GET"]}}],"collection":[{"href":"https:\/\/catering.mimosabrunch.sk\/index.php\/wp-json\/wp\/v2\/product"}],"about":[{"href":"https:\/\/catering.mimosabrunch.sk\/index.php\/wp-json\/wp\/v2\/types\/product"}],"wp:featuredmedia":[{"embeddable":true,"href":"https:\/\/catering.mimosabrunch.sk\/index.php\/wp-json\/wp\/v2\/media\/11916"}],"wp:attachment":[{"href":"https:\/\/catering.mimosabrunch.sk\/index.php\/wp-json\/wp\/v2\/media?parent=11849"}],"wp:term":[{"taxonomy":"product_brand","embeddable":true,"href":"https:\/\/catering.mimosabrunch.sk\/index.php\/wp-json\/wp\/v2\/product_brand?post=11849"},{"taxonomy":"product_cat","embeddable":true,"href":"https:\/\/catering.mimosabrunch.sk\/index.php\/wp-json\/wp\/v2\/product_cat?post=11849"},{"taxonomy":"product_tag","embeddable":true,"href":"https:\/\/catering.mimosabrunch.sk\/index.php\/wp-json\/wp\/v2\/product_tag?post=11849"}],"curies":[{"name":"wp","href":"https:\/\/api.w.org\/{rel}","templated":true}]}}