{"id":11942,"date":"2024-03-05T18:46:06","date_gmt":"2024-03-05T17:46:06","guid":{"rendered":"https:\/\/catering.mimosabrunch.sk\/?post_type=product&#038;p=11942"},"modified":"2024-03-05T23:25:22","modified_gmt":"2024-03-05T22:25:22","slug":"granola-bowl","status":"publish","type":"product","link":"https:\/\/catering.mimosabrunch.sk\/index.php\/product\/granola-bowl\/","title":{"rendered":"GRANOLA BOWL"},"content":{"rendered":"","protected":false},"excerpt":{"rendered":"<p>Granola s orie\u0161kami, biely jogurt, jahody, \u010du\u010doriedky (1, 7, 8)<\/p>\n","protected":false},"featured_media":12005,"template":"","meta":{"rs_blank_template":"","rs_page_bg_color":"","slide_template_v7":""},"product_brand":[],"product_cat":[88],"product_tag":[90,89],"class_list":{"0":"post-11942","1":"product","2":"type-product","3":"status-publish","4":"has-post-thumbnail","6":"product_cat-brunch-bowls","7":"product_tag-bowls","8":"product_tag-brunch","10":"first","11":"instock","12":"taxable","13":"shipping-taxable","14":"product-type-simple"},"aioseo_notices":[],"jetpack_sharing_enabled":true,"_links":{"self":[{"href":"https:\/\/catering.mimosabrunch.sk\/index.php\/wp-json\/wp\/v2\/product\/11942","targetHints":{"allow":["GET"]}}],"collection":[{"href":"https:\/\/catering.mimosabrunch.sk\/index.php\/wp-json\/wp\/v2\/product"}],"about":[{"href":"https:\/\/catering.mimosabrunch.sk\/index.php\/wp-json\/wp\/v2\/types\/product"}],"wp:featuredmedia":[{"embeddable":true,"href":"https:\/\/catering.mimosabrunch.sk\/index.php\/wp-json\/wp\/v2\/media\/12005"}],"wp:attachment":[{"href":"https:\/\/catering.mimosabrunch.sk\/index.php\/wp-json\/wp\/v2\/media?parent=11942"}],"wp:term":[{"taxonomy":"product_brand","embeddable":true,"href":"https:\/\/catering.mimosabrunch.sk\/index.php\/wp-json\/wp\/v2\/product_brand?post=11942"},{"taxonomy":"product_cat","embeddable":true,"href":"https:\/\/catering.mimosabrunch.sk\/index.php\/wp-json\/wp\/v2\/product_cat?post=11942"},{"taxonomy":"product_tag","embeddable":true,"href":"https:\/\/catering.mimosabrunch.sk\/index.php\/wp-json\/wp\/v2\/product_tag?post=11942"}],"curies":[{"name":"wp","href":"https:\/\/api.w.org\/{rel}","templated":true}]}}