{"id":11974,"date":"2024-03-05T19:59:18","date_gmt":"2024-03-05T18:59:18","guid":{"rendered":"https:\/\/catering.mimosabrunch.sk\/?post_type=product&#038;p=11974"},"modified":"2024-04-09T18:51:36","modified_gmt":"2024-04-09T16:51:36","slug":"tofu-bowl","status":"publish","type":"product","link":"https:\/\/catering.mimosabrunch.sk\/index.php\/product\/tofu-bowl\/","title":{"rendered":"TOFU BOWL"},"content":{"rendered":"","protected":false},"excerpt":{"rendered":"<p>Kuskus\/ry\u017ea, \u013eadov\u00fd \u0161al\u00e1t, uhorka, paprika, mrkva, \u010derven\u00e1 kapusta, c\u00edcer, ara\u0161\u00eddy, tofu, ara\u0161idov\u00fd dresing, sezam (1, 5, 6, 11) \/ (5, 6, 11) (Vegan)<\/p>\n","protected":false},"featured_media":12003,"template":"","meta":{"rs_blank_template":"","rs_page_bg_color":"","slide_template_v7":""},"product_brand":[],"product_cat":[91],"product_tag":[90],"class_list":{"0":"post-11974","1":"product","2":"type-product","3":"status-publish","4":"has-post-thumbnail","6":"product_cat-bowls","7":"product_tag-bowls","9":"first","10":"instock","11":"taxable","12":"shipping-taxable","13":"product-type-variable","14":"has-default-attributes"},"aioseo_notices":[],"jetpack_sharing_enabled":true,"_links":{"self":[{"href":"https:\/\/catering.mimosabrunch.sk\/index.php\/wp-json\/wp\/v2\/product\/11974","targetHints":{"allow":["GET"]}}],"collection":[{"href":"https:\/\/catering.mimosabrunch.sk\/index.php\/wp-json\/wp\/v2\/product"}],"about":[{"href":"https:\/\/catering.mimosabrunch.sk\/index.php\/wp-json\/wp\/v2\/types\/product"}],"wp:featuredmedia":[{"embeddable":true,"href":"https:\/\/catering.mimosabrunch.sk\/index.php\/wp-json\/wp\/v2\/media\/12003"}],"wp:attachment":[{"href":"https:\/\/catering.mimosabrunch.sk\/index.php\/wp-json\/wp\/v2\/media?parent=11974"}],"wp:term":[{"taxonomy":"product_brand","embeddable":true,"href":"https:\/\/catering.mimosabrunch.sk\/index.php\/wp-json\/wp\/v2\/product_brand?post=11974"},{"taxonomy":"product_cat","embeddable":true,"href":"https:\/\/catering.mimosabrunch.sk\/index.php\/wp-json\/wp\/v2\/product_cat?post=11974"},{"taxonomy":"product_tag","embeddable":true,"href":"https:\/\/catering.mimosabrunch.sk\/index.php\/wp-json\/wp\/v2\/product_tag?post=11974"}],"curies":[{"name":"wp","href":"https:\/\/api.w.org\/{rel}","templated":true}]}}