{"id":11977,"date":"2024-03-05T20:00:47","date_gmt":"2024-03-05T19:00:47","guid":{"rendered":"https:\/\/catering.mimosabrunch.sk\/?post_type=product&#038;p=11977"},"modified":"2024-04-09T18:50:12","modified_gmt":"2024-04-09T16:50:12","slug":"tempeh-avo-bowl","status":"publish","type":"product","link":"https:\/\/catering.mimosabrunch.sk\/index.php\/product\/tempeh-avo-bowl\/","title":{"rendered":"TEMPEH AVO BOWL"},"content":{"rendered":"","protected":false},"excerpt":{"rendered":"<p>Kuskus\/ry\u017ea, \u013eadov\u00fd \u0161al\u00e1t, paradajka, uhorka, paprika, kukurica, \u010dierne olivy, tempeh \u00faden\u00fd, avok\u00e1do, vinagrette, chilli vlo\u010dky (1, 6, 10) \/ ( 6, 10) (Vegan)<\/p>\n","protected":false},"featured_media":12002,"template":"","meta":{"rs_blank_template":"","rs_page_bg_color":"","slide_template_v7":""},"product_brand":[],"product_cat":[91],"product_tag":[90],"class_list":{"0":"post-11977","1":"product","2":"type-product","3":"status-publish","4":"has-post-thumbnail","6":"product_cat-bowls","7":"product_tag-bowls","9":"first","10":"instock","11":"taxable","12":"shipping-taxable","13":"product-type-variable","14":"has-default-attributes"},"aioseo_notices":[],"jetpack_sharing_enabled":true,"_links":{"self":[{"href":"https:\/\/catering.mimosabrunch.sk\/index.php\/wp-json\/wp\/v2\/product\/11977","targetHints":{"allow":["GET"]}}],"collection":[{"href":"https:\/\/catering.mimosabrunch.sk\/index.php\/wp-json\/wp\/v2\/product"}],"about":[{"href":"https:\/\/catering.mimosabrunch.sk\/index.php\/wp-json\/wp\/v2\/types\/product"}],"wp:featuredmedia":[{"embeddable":true,"href":"https:\/\/catering.mimosabrunch.sk\/index.php\/wp-json\/wp\/v2\/media\/12002"}],"wp:attachment":[{"href":"https:\/\/catering.mimosabrunch.sk\/index.php\/wp-json\/wp\/v2\/media?parent=11977"}],"wp:term":[{"taxonomy":"product_brand","embeddable":true,"href":"https:\/\/catering.mimosabrunch.sk\/index.php\/wp-json\/wp\/v2\/product_brand?post=11977"},{"taxonomy":"product_cat","embeddable":true,"href":"https:\/\/catering.mimosabrunch.sk\/index.php\/wp-json\/wp\/v2\/product_cat?post=11977"},{"taxonomy":"product_tag","embeddable":true,"href":"https:\/\/catering.mimosabrunch.sk\/index.php\/wp-json\/wp\/v2\/product_tag?post=11977"}],"curies":[{"name":"wp","href":"https:\/\/api.w.org\/{rel}","templated":true}]}}