{"id":12206,"date":"2024-03-14T10:56:36","date_gmt":"2024-03-14T09:56:36","guid":{"rendered":"https:\/\/catering.mimosabrunch.sk\/?post_type=product&#038;p=12206"},"modified":"2024-03-23T16:34:55","modified_gmt":"2024-03-23T15:34:55","slug":"kanapka-emental","status":"publish","type":"product","link":"https:\/\/catering.mimosabrunch.sk\/index.php\/product\/kanapka-emental\/","title":{"rendered":"Kanapka ement\u00e1l"},"content":{"rendered":"<p>Alerg\u00e9ny: 1,3,7<\/p>\n","protected":false},"excerpt":{"rendered":"<p><strong>Pe\u010divo, ement\u00e1l, smotanov\u00e1 n\u00e1tierka, vaj\u00ed\u010dko, uhorka.<\/strong><\/p>\n","protected":false},"featured_media":12440,"template":"","meta":{"rs_blank_template":"","rs_page_bg_color":"","slide_template_v7":""},"product_brand":[],"product_cat":[93,100],"product_tag":[],"class_list":{"0":"post-12206","1":"product","2":"type-product","3":"status-publish","4":"has-post-thumbnail","6":"product_cat-catering","7":"product_cat-kanapky-vegetarianske","9":"first","10":"instock","11":"taxable","12":"shipping-taxable","13":"product-type-variable","14":"has-default-attributes"},"aioseo_notices":[],"jetpack_sharing_enabled":true,"_links":{"self":[{"href":"https:\/\/catering.mimosabrunch.sk\/index.php\/wp-json\/wp\/v2\/product\/12206","targetHints":{"allow":["GET"]}}],"collection":[{"href":"https:\/\/catering.mimosabrunch.sk\/index.php\/wp-json\/wp\/v2\/product"}],"about":[{"href":"https:\/\/catering.mimosabrunch.sk\/index.php\/wp-json\/wp\/v2\/types\/product"}],"wp:featuredmedia":[{"embeddable":true,"href":"https:\/\/catering.mimosabrunch.sk\/index.php\/wp-json\/wp\/v2\/media\/12440"}],"wp:attachment":[{"href":"https:\/\/catering.mimosabrunch.sk\/index.php\/wp-json\/wp\/v2\/media?parent=12206"}],"wp:term":[{"taxonomy":"product_brand","embeddable":true,"href":"https:\/\/catering.mimosabrunch.sk\/index.php\/wp-json\/wp\/v2\/product_brand?post=12206"},{"taxonomy":"product_cat","embeddable":true,"href":"https:\/\/catering.mimosabrunch.sk\/index.php\/wp-json\/wp\/v2\/product_cat?post=12206"},{"taxonomy":"product_tag","embeddable":true,"href":"https:\/\/catering.mimosabrunch.sk\/index.php\/wp-json\/wp\/v2\/product_tag?post=12206"}],"curies":[{"name":"wp","href":"https:\/\/api.w.org\/{rel}","templated":true}]}}