{"id":12266,"date":"2024-03-14T13:17:45","date_gmt":"2024-03-14T12:17:45","guid":{"rendered":"https:\/\/catering.mimosabrunch.sk\/?post_type=product&#038;p=12266"},"modified":"2024-03-23T17:05:34","modified_gmt":"2024-03-23T16:05:34","slug":"kanapka-avo-mango","status":"publish","type":"product","link":"https:\/\/catering.mimosabrunch.sk\/index.php\/product\/kanapka-avo-mango\/","title":{"rendered":"Kanapka avo-mango"},"content":{"rendered":"<p>Alerg\u00e9ny: 1<\/p>\n","protected":false},"excerpt":{"rendered":"<p><strong>Pe\u010divo, avocado, mango, gran\u00e1tov\u00e9 jablko.<\/strong><\/p>\n","protected":false},"featured_media":12435,"template":"","meta":{"rs_blank_template":"","rs_page_bg_color":"","slide_template_v7":""},"product_brand":[],"product_cat":[93,101],"product_tag":[],"class_list":{"0":"post-12266","1":"product","2":"type-product","3":"status-publish","4":"has-post-thumbnail","6":"product_cat-catering","7":"product_cat-kanapky-veganske","9":"first","10":"instock","11":"taxable","12":"shipping-taxable","13":"product-type-variable","14":"has-default-attributes"},"aioseo_notices":[],"jetpack_sharing_enabled":true,"_links":{"self":[{"href":"https:\/\/catering.mimosabrunch.sk\/index.php\/wp-json\/wp\/v2\/product\/12266","targetHints":{"allow":["GET"]}}],"collection":[{"href":"https:\/\/catering.mimosabrunch.sk\/index.php\/wp-json\/wp\/v2\/product"}],"about":[{"href":"https:\/\/catering.mimosabrunch.sk\/index.php\/wp-json\/wp\/v2\/types\/product"}],"wp:featuredmedia":[{"embeddable":true,"href":"https:\/\/catering.mimosabrunch.sk\/index.php\/wp-json\/wp\/v2\/media\/12435"}],"wp:attachment":[{"href":"https:\/\/catering.mimosabrunch.sk\/index.php\/wp-json\/wp\/v2\/media?parent=12266"}],"wp:term":[{"taxonomy":"product_brand","embeddable":true,"href":"https:\/\/catering.mimosabrunch.sk\/index.php\/wp-json\/wp\/v2\/product_brand?post=12266"},{"taxonomy":"product_cat","embeddable":true,"href":"https:\/\/catering.mimosabrunch.sk\/index.php\/wp-json\/wp\/v2\/product_cat?post=12266"},{"taxonomy":"product_tag","embeddable":true,"href":"https:\/\/catering.mimosabrunch.sk\/index.php\/wp-json\/wp\/v2\/product_tag?post=12266"}],"curies":[{"name":"wp","href":"https:\/\/api.w.org\/{rel}","templated":true}]}}