{"id":12300,"date":"2024-03-14T13:38:50","date_gmt":"2024-03-14T12:38:50","guid":{"rendered":"https:\/\/catering.mimosabrunch.sk\/?post_type=product&#038;p=12300"},"modified":"2024-12-07T14:32:42","modified_gmt":"2024-12-07T13:32:42","slug":"tortilla-slimak-s-udenym-masom","status":"publish","type":"product","link":"https:\/\/catering.mimosabrunch.sk\/index.php\/product\/tortilla-slimak-s-udenym-masom\/","title":{"rendered":"Tortilla slim\u00e1k s \u00faden\u00fdm m\u00e4som"},"content":{"rendered":"<p>Alerg\u00e9ny: 1,7<\/p>\n","protected":false},"excerpt":{"rendered":"<p><strong>Tortilla, \u00faden\u00e9 m\u00e4so, chrenov\u00e1 pasta, \u0161al\u00e1t.<\/strong><\/p>\n","protected":false},"featured_media":12478,"template":"","meta":{"rs_blank_template":"","rs_page_bg_color":"","slide_template_v7":""},"product_brand":[],"product_cat":[93,102],"product_tag":[],"class_list":{"0":"post-12300","1":"product","2":"type-product","3":"status-publish","4":"has-post-thumbnail","6":"product_cat-catering","7":"product_cat-tortilla-slimaky","9":"first","10":"instock","11":"taxable","12":"shipping-taxable","13":"product-type-variable","14":"has-default-attributes"},"aioseo_notices":[],"jetpack_sharing_enabled":true,"_links":{"self":[{"href":"https:\/\/catering.mimosabrunch.sk\/index.php\/wp-json\/wp\/v2\/product\/12300","targetHints":{"allow":["GET"]}}],"collection":[{"href":"https:\/\/catering.mimosabrunch.sk\/index.php\/wp-json\/wp\/v2\/product"}],"about":[{"href":"https:\/\/catering.mimosabrunch.sk\/index.php\/wp-json\/wp\/v2\/types\/product"}],"wp:featuredmedia":[{"embeddable":true,"href":"https:\/\/catering.mimosabrunch.sk\/index.php\/wp-json\/wp\/v2\/media\/12478"}],"wp:attachment":[{"href":"https:\/\/catering.mimosabrunch.sk\/index.php\/wp-json\/wp\/v2\/media?parent=12300"}],"wp:term":[{"taxonomy":"product_brand","embeddable":true,"href":"https:\/\/catering.mimosabrunch.sk\/index.php\/wp-json\/wp\/v2\/product_brand?post=12300"},{"taxonomy":"product_cat","embeddable":true,"href":"https:\/\/catering.mimosabrunch.sk\/index.php\/wp-json\/wp\/v2\/product_cat?post=12300"},{"taxonomy":"product_tag","embeddable":true,"href":"https:\/\/catering.mimosabrunch.sk\/index.php\/wp-json\/wp\/v2\/product_tag?post=12300"}],"curies":[{"name":"wp","href":"https:\/\/api.w.org\/{rel}","templated":true}]}}