{"id":12348,"date":"2024-03-14T15:09:23","date_gmt":"2024-03-14T14:09:23","guid":{"rendered":"https:\/\/catering.mimosabrunch.sk\/?post_type=product&#038;p=12348"},"modified":"2024-07-02T11:54:33","modified_gmt":"2024-07-02T09:54:33","slug":"krtkov-jogurtovy-poharik","status":"publish","type":"product","link":"https:\/\/catering.mimosabrunch.sk\/index.php\/product\/krtkov-jogurtovy-poharik\/","title":{"rendered":"Krtkov jogurtov\u00fd poh\u00e1rik"},"content":{"rendered":"<p>Alerg\u00e9ny: 1,7<\/p>\n","protected":false},"excerpt":{"rendered":"<p><strong>Kakaov\u00e9 su\u0161ienky, jogurt, ban\u00e1n.<\/strong><\/p>\n","protected":false},"featured_media":12459,"template":"","meta":{"rs_blank_template":"","rs_page_bg_color":"","slide_template_v7":""},"product_brand":[],"product_cat":[93,105],"product_tag":[],"class_list":{"0":"post-12348","1":"product","2":"type-product","3":"status-publish","4":"has-post-thumbnail","6":"product_cat-catering","7":"product_cat-mini-pohariky-sladke","9":"first","10":"instock","11":"taxable","12":"shipping-taxable","13":"product-type-variable","14":"has-default-attributes"},"aioseo_notices":[],"jetpack_sharing_enabled":true,"_links":{"self":[{"href":"https:\/\/catering.mimosabrunch.sk\/index.php\/wp-json\/wp\/v2\/product\/12348","targetHints":{"allow":["GET"]}}],"collection":[{"href":"https:\/\/catering.mimosabrunch.sk\/index.php\/wp-json\/wp\/v2\/product"}],"about":[{"href":"https:\/\/catering.mimosabrunch.sk\/index.php\/wp-json\/wp\/v2\/types\/product"}],"wp:featuredmedia":[{"embeddable":true,"href":"https:\/\/catering.mimosabrunch.sk\/index.php\/wp-json\/wp\/v2\/media\/12459"}],"wp:attachment":[{"href":"https:\/\/catering.mimosabrunch.sk\/index.php\/wp-json\/wp\/v2\/media?parent=12348"}],"wp:term":[{"taxonomy":"product_brand","embeddable":true,"href":"https:\/\/catering.mimosabrunch.sk\/index.php\/wp-json\/wp\/v2\/product_brand?post=12348"},{"taxonomy":"product_cat","embeddable":true,"href":"https:\/\/catering.mimosabrunch.sk\/index.php\/wp-json\/wp\/v2\/product_cat?post=12348"},{"taxonomy":"product_tag","embeddable":true,"href":"https:\/\/catering.mimosabrunch.sk\/index.php\/wp-json\/wp\/v2\/product_tag?post=12348"}],"curies":[{"name":"wp","href":"https:\/\/api.w.org\/{rel}","templated":true}]}}