{"id":12556,"date":"2024-04-02T13:49:19","date_gmt":"2024-04-02T11:49:19","guid":{"rendered":"https:\/\/catering.mimosabrunch.sk\/?post_type=product&#038;p=12556"},"modified":"2024-07-02T11:51:39","modified_gmt":"2024-07-02T09:51:39","slug":"velky-box-40ks","status":"publish","type":"product","link":"https:\/\/catering.mimosabrunch.sk\/index.php\/product\/velky-box-40ks\/","title":{"rendered":"Ve\u013ek\u00fd box 40ks"},"content":{"rendered":"<p><b>4x Kanapka s \u00faden\u00fdm m\u00e4som\u00a0<\/b><\/p>\n<p><span style=\"font-weight: 400;\">pe\u010divo, \u00faden\u00e9 m\u00e4so, chrenov\u00e1 pasta, kysl\u00e1 uhorka, k\u00e1pia\u00a0<\/span><\/p>\n<p><span style=\"font-weight: 400;\">Al.: 1, 7<\/span><\/p>\n<p>&nbsp;<\/p>\n<p><b>4x Kanapka pastrami<\/b><\/p>\n<p><span style=\"font-weight: 400;\">pe\u010divo, pastrami, dijonsk\u00e1 hor\u010dica, kysl\u00e1 uhorka, \u0161al\u00e1t\u00a0<\/span><\/p>\n<p><span style=\"font-weight: 400;\">Al.: 1, 10<\/span><\/p>\n<p>&nbsp;<\/p>\n<p><b>4x Kanapka chorizo<\/b><\/p>\n<p><span style=\"font-weight: 400;\">pe\u010divo, chorizo, hor\u010dica, k\u00e1pia, olivy\u00a0<\/span><\/p>\n<p><span style=\"font-weight: 400;\">Al.: 1, 10<\/span><\/p>\n<p>&nbsp;<\/p>\n<p><b>4x Kanapka s ka\u010dacou pa\u0161t\u00e9tou<\/b><\/p>\n<p><span style=\"font-weight: 400;\">pe\u010divo, ka\u010dacia pa\u0161t\u00e9ta, brusnice\u00a0<\/span><\/p>\n<p><span style=\"font-weight: 400;\">Al.: 1<\/span><\/p>\n<p>&nbsp;<\/p>\n<p><b>4x Kanapka s lososovou penou<\/b><\/p>\n<p><span style=\"font-weight: 400;\">pe\u010divo, lososov\u00e1 pena, hr\u00e1\u0161ok, gran\u00e1tov\u00e9 jablko\u00a0<\/span><\/p>\n<p><span style=\"font-weight: 400;\">Al.: 1, 4, 7<\/span><\/p>\n<p>&nbsp;<\/p>\n<p><b>4x Kanapka<\/b> <b>ement\u00e1l<\/b><\/p>\n<p><span style=\"font-weight: 400;\">pe\u010divo, ement\u00e1l, smotanov\u00e1 n\u00e1tierka, vaj\u00ed\u010dko, uhorka\u00a0<\/span><\/p>\n<p><span style=\"font-weight: 400;\">Al.: 1, 3, 7<\/span><\/p>\n<p>&nbsp;<\/p>\n<p><b>4x Kanapka<\/b> <b>feta\u00a0<\/b><\/p>\n<p><span style=\"font-weight: 400;\">pe\u010divo, feta, avok\u00e1do, jahody, balsamico\u00a0<\/span><\/p>\n<p><span style=\"font-weight: 400;\">Al: 1, 7<\/span><\/p>\n<p>&nbsp;<\/p>\n<p><b>4x Kanapka tofu<\/b><\/p>\n<p><span style=\"font-weight: 400;\">pe\u010divo, tofu. ara\u0161idov\u00e9 maslo, ara\u0161idy\u00a0<\/span><\/p>\n<p><span style=\"font-weight: 400;\">Al: 1, 5, 6<\/span><\/p>\n<p>&nbsp;<\/p>\n<p><b>4x Pastrami sendvi\u010d<\/b><\/p>\n<p><span style=\"font-weight: 400;\">toast, pastrami, hor\u010dica, kysl\u00e1 uhorka, poln\u00ed\u010dek<\/span><\/p>\n<p><span style=\"font-weight: 400;\">Al: 1,7,10<\/span><\/p>\n<p>&nbsp;<\/p>\n<p><b>4x N\u00e1\u0161 delacto pari\u017e\u00e1k<\/b><\/p>\n<p><span style=\"font-weight: 400;\">hydinov\u00fd parizer, kysl\u00e1 uhorka, cibu\u013eka, hr\u00e1\u0161ok, light majon\u00e9za, ocot, cukor, korenie, sol, worchester<\/span><\/p>\n<p><span style=\"font-weight: 400;\">Al: 3<\/span><\/p>\n","protected":false},"excerpt":{"rendered":"<p><span style=\"font-weight: 400;\">Alerg\u00e9ny na cel\u00fd box: 1, 3, 4, 5, 6, 7, 8, 10<\/span><\/p>\n","protected":false},"featured_media":12529,"template":"","meta":{"rs_blank_template":"","rs_page_bg_color":"","slide_template_v7":""},"product_brand":[],"product_cat":[108,93],"product_tag":[],"class_list":{"0":"post-12556","1":"product","2":"type-product","3":"status-publish","4":"has-post-thumbnail","6":"product_cat-boxy","7":"product_cat-catering","9":"first","10":"instock","11":"taxable","12":"shipping-taxable","13":"product-type-variable","14":"has-default-attributes"},"aioseo_notices":[],"jetpack_sharing_enabled":true,"_links":{"self":[{"href":"https:\/\/catering.mimosabrunch.sk\/index.php\/wp-json\/wp\/v2\/product\/12556","targetHints":{"allow":["GET"]}}],"collection":[{"href":"https:\/\/catering.mimosabrunch.sk\/index.php\/wp-json\/wp\/v2\/product"}],"about":[{"href":"https:\/\/catering.mimosabrunch.sk\/index.php\/wp-json\/wp\/v2\/types\/product"}],"wp:featuredmedia":[{"embeddable":true,"href":"https:\/\/catering.mimosabrunch.sk\/index.php\/wp-json\/wp\/v2\/media\/12529"}],"wp:attachment":[{"href":"https:\/\/catering.mimosabrunch.sk\/index.php\/wp-json\/wp\/v2\/media?parent=12556"}],"wp:term":[{"taxonomy":"product_brand","embeddable":true,"href":"https:\/\/catering.mimosabrunch.sk\/index.php\/wp-json\/wp\/v2\/product_brand?post=12556"},{"taxonomy":"product_cat","embeddable":true,"href":"https:\/\/catering.mimosabrunch.sk\/index.php\/wp-json\/wp\/v2\/product_cat?post=12556"},{"taxonomy":"product_tag","embeddable":true,"href":"https:\/\/catering.mimosabrunch.sk\/index.php\/wp-json\/wp\/v2\/product_tag?post=12556"}],"curies":[{"name":"wp","href":"https:\/\/api.w.org\/{rel}","templated":true}]}}