{"id":12565,"date":"2024-04-02T13:53:24","date_gmt":"2024-04-02T11:53:24","guid":{"rendered":"https:\/\/catering.mimosabrunch.sk\/?post_type=product&#038;p=12565"},"modified":"2024-07-02T11:52:12","modified_gmt":"2024-07-02T09:52:12","slug":"vegan-box-30ks","status":"publish","type":"product","link":"https:\/\/catering.mimosabrunch.sk\/index.php\/product\/vegan-box-30ks\/","title":{"rendered":"Vegan box 30ks"},"content":{"rendered":"<p><b>4x Kanapka tofu<\/b><\/p>\n<p><span style=\"font-weight: 400;\">pe\u010divo, tofu. ara\u0161idov\u00e9 maslo, ara\u0161idy\u00a0<\/span><\/p>\n<p><span style=\"font-weight: 400;\">Al: 1, 5, 6<\/span><\/p>\n<p>&nbsp;<\/p>\n<p><b>4x Kanapka avok\u00e1dov\u00e1<\/b><\/p>\n<p><span style=\"font-weight: 400;\">pe\u010divo, avokado. su\u0161en\u00e9 paradajky, sezam\u00a0<\/span><\/p>\n<p><span style=\"font-weight: 400;\">Al.: 1, 11<\/span><\/p>\n<p>&nbsp;<\/p>\n<p><b>4x Kanapka avo-mango<\/b><\/p>\n<p><span style=\"font-weight: 400;\">Pe\u010divo, avocado, mango, gran\u00e1tov\u00e9 jablko\u00a0<\/span><\/p>\n<p><span style=\"font-weight: 400;\">Al.: 1<\/span><\/p>\n<p>&nbsp;<\/p>\n<p><b>4x<\/b> <b>Kanapka veg\u00e1n vaj\u00ed\u010dkov\u00e1\u00a0<\/b><\/p>\n<p><span style=\"font-weight: 400;\">pe\u010divo, veg\u00e1n vaj\u00ed\u010dkov\u00e1 n\u00e1tierka, mrkva, uhorka\u00a0<\/span><\/p>\n<p><span style=\"font-weight: 400;\">Al.: 1, 5, 10<\/span><\/p>\n<p>&nbsp;<\/p>\n<p><b>6x Tortilla slim\u00e1k hummus<\/b><\/p>\n<p><span style=\"font-weight: 400;\">tortilla, hummus, mrkva, uhorka, \u0161al\u00e1t\u00a0<\/span><\/p>\n<p><span style=\"font-weight: 400;\">Al: 1<\/span><\/p>\n<p>&nbsp;<\/p>\n<p><b>4x Tofu sendvi\u010d\u00a0<\/b><\/p>\n<p><span style=\"font-weight: 400;\">toast, hummus, tofu, \u0161al\u00e1t, mrkva, uhorka\u00a0<\/span><\/p>\n<p><span style=\"font-weight: 400;\">Al: 1, 5<\/span><\/p>\n<p>&nbsp;<\/p>\n<p><b>4x Mangov\u00fd \u0161al\u00e1t<\/b><\/p>\n<p><span style=\"font-weight: 400;\">beluga, mango, gran\u00e1tov\u00e9 jablko, poln\u00ed\u010dek\u00a0<\/span><\/p>\n<p><span style=\"font-weight: 400;\">Al: &#8211;<\/span><\/p>\n","protected":false},"excerpt":{"rendered":"<p><span style=\"font-weight: 400;\">Alerg\u00e9ny na cel\u00fd box: 1, 5, 6, 10, 11<\/span><\/p>\n","protected":false},"featured_media":12532,"template":"","meta":{"rs_blank_template":"","rs_page_bg_color":"","slide_template_v7":""},"product_brand":[],"product_cat":[108,93],"product_tag":[],"class_list":{"0":"post-12565","1":"product","2":"type-product","3":"status-publish","4":"has-post-thumbnail","6":"product_cat-boxy","7":"product_cat-catering","9":"first","10":"instock","11":"taxable","12":"shipping-taxable","13":"product-type-variable","14":"has-default-attributes"},"aioseo_notices":[],"jetpack_sharing_enabled":true,"_links":{"self":[{"href":"https:\/\/catering.mimosabrunch.sk\/index.php\/wp-json\/wp\/v2\/product\/12565","targetHints":{"allow":["GET"]}}],"collection":[{"href":"https:\/\/catering.mimosabrunch.sk\/index.php\/wp-json\/wp\/v2\/product"}],"about":[{"href":"https:\/\/catering.mimosabrunch.sk\/index.php\/wp-json\/wp\/v2\/types\/product"}],"wp:featuredmedia":[{"embeddable":true,"href":"https:\/\/catering.mimosabrunch.sk\/index.php\/wp-json\/wp\/v2\/media\/12532"}],"wp:attachment":[{"href":"https:\/\/catering.mimosabrunch.sk\/index.php\/wp-json\/wp\/v2\/media?parent=12565"}],"wp:term":[{"taxonomy":"product_brand","embeddable":true,"href":"https:\/\/catering.mimosabrunch.sk\/index.php\/wp-json\/wp\/v2\/product_brand?post=12565"},{"taxonomy":"product_cat","embeddable":true,"href":"https:\/\/catering.mimosabrunch.sk\/index.php\/wp-json\/wp\/v2\/product_cat?post=12565"},{"taxonomy":"product_tag","embeddable":true,"href":"https:\/\/catering.mimosabrunch.sk\/index.php\/wp-json\/wp\/v2\/product_tag?post=12565"}],"curies":[{"name":"wp","href":"https:\/\/api.w.org\/{rel}","templated":true}]}}