{"id":12687,"date":"2024-04-09T19:08:13","date_gmt":"2024-04-09T17:08:13","guid":{"rendered":"https:\/\/catering.mimosabrunch.sk\/?post_type=product&#038;p=12687"},"modified":"2024-04-09T19:10:07","modified_gmt":"2024-04-09T17:10:07","slug":"hovadzi-bowl-s-trhanym-masom","status":"publish","type":"product","link":"https:\/\/catering.mimosabrunch.sk\/index.php\/product\/hovadzi-bowl-s-trhanym-masom\/","title":{"rendered":"Hov\u00e4dz\u00ed bowl s trhan\u00fdm m\u00e4som"},"content":{"rendered":"","protected":false},"excerpt":{"rendered":"<p><span style=\"font-weight: 400;\">Ry\u017ea\/kuskus, \u013eadov\u00fd \u0161al\u00e1t, raj\u010dina, paprika, kukurica, avok\u00e1do, jalape\u0148os, nachos, trhan\u00e9 hov\u00e4dzie, bbq om\u00e1\u010dka, jogurtov\u00e1 om\u00e1\u010dka, chilli vlo\u010dky (1) \/ (1, 7)<\/span><\/p>\n","protected":false},"featured_media":12688,"template":"","meta":{"rs_blank_template":"","rs_page_bg_color":"","slide_template_v7":""},"product_brand":[],"product_cat":[91],"product_tag":[],"class_list":{"0":"post-12687","1":"product","2":"type-product","3":"status-publish","4":"has-post-thumbnail","6":"product_cat-bowls","8":"first","9":"instock","10":"taxable","11":"shipping-taxable","12":"product-type-variable","13":"has-default-attributes"},"aioseo_notices":[],"jetpack_sharing_enabled":true,"_links":{"self":[{"href":"https:\/\/catering.mimosabrunch.sk\/index.php\/wp-json\/wp\/v2\/product\/12687","targetHints":{"allow":["GET"]}}],"collection":[{"href":"https:\/\/catering.mimosabrunch.sk\/index.php\/wp-json\/wp\/v2\/product"}],"about":[{"href":"https:\/\/catering.mimosabrunch.sk\/index.php\/wp-json\/wp\/v2\/types\/product"}],"wp:featuredmedia":[{"embeddable":true,"href":"https:\/\/catering.mimosabrunch.sk\/index.php\/wp-json\/wp\/v2\/media\/12688"}],"wp:attachment":[{"href":"https:\/\/catering.mimosabrunch.sk\/index.php\/wp-json\/wp\/v2\/media?parent=12687"}],"wp:term":[{"taxonomy":"product_brand","embeddable":true,"href":"https:\/\/catering.mimosabrunch.sk\/index.php\/wp-json\/wp\/v2\/product_brand?post=12687"},{"taxonomy":"product_cat","embeddable":true,"href":"https:\/\/catering.mimosabrunch.sk\/index.php\/wp-json\/wp\/v2\/product_cat?post=12687"},{"taxonomy":"product_tag","embeddable":true,"href":"https:\/\/catering.mimosabrunch.sk\/index.php\/wp-json\/wp\/v2\/product_tag?post=12687"}],"curies":[{"name":"wp","href":"https:\/\/api.w.org\/{rel}","templated":true}]}}