{"id":12732,"date":"2024-06-06T20:21:28","date_gmt":"2024-06-06T18:21:28","guid":{"rendered":"https:\/\/catering.mimosabrunch.sk\/?post_type=product&#038;p=12732"},"modified":"2024-12-07T14:48:58","modified_gmt":"2024-12-07T13:48:58","slug":"gold","status":"publish","type":"product","link":"https:\/\/catering.mimosabrunch.sk\/index.php\/product\/gold\/","title":{"rendered":"\u010cokol\u00e1dov\u00e1 font\u00e1na Gold"},"content":{"rendered":"<p>O\u017eivte V\u00e1\u0161 catering o chutn\u00e9 ovocie a lahodn\u00fa belgick\u00fa \u010dokol\u00e1du. Doprajte Va\u0161im hos\u0165om gurm\u00e1nsky z\u00e1\u017eitok po ktorom na Va\u0161u akciu tak skoro nezabudn\u00fa. \u010cokol\u00e1dov\u00e9 font\u00e1ny, kytice z ovocia \u010di \u0161t\u00fdlov\u00e9 ovocn\u00e9 misy zaru\u010dene o\u017eivia V\u00e1\u0161 catering. Doprajte Va\u0161im hos\u0165om viac a dajte im tak najavo \u017ee s\u00fa pre V\u00e1s v\u00fdznamn\u00fdmi \u013eu\u010fmi.<\/p>\n<p>&nbsp;<\/p>\n<p>K cene bude \u00fa\u010dtovan\u00e1 vratn\u00e1 z\u00e1loha za zapo\u017ei\u010danie \u010dokol\u00e1dovej font\u00e1ny a dekor\u00e1ci\u00ed vo v\u00fd\u0161ke 100\u20ac pri prevzat\u00ed a n\u00e1sledne vr\u00e1ten\u00e1 pri odovzdan\u00ed zapo\u017ei\u010dan\u00fdch komponentov.<\/p>\n","protected":false},"excerpt":{"rendered":"<p><strong>Ponuka GOLD zah\u0155\u0148a:<\/strong><br \/>\n2x \u010doko font\u00e1na,<br \/>\n3kg belgickej \u010dokol\u00e1dy (mlie\u010dna, hork\u00e1),<br \/>\n\u010cerstv\u00e9 kr\u00e1jan\u00e9 ovocie pripraven\u00e9 na nam\u00e1\u010danie v mise (3kg jah\u00f4d, 2kg ban\u00e1n, 2x hrozno zelen\u00e9, 2x hrozno tmav\u00e9, 1x anan\u00e1s, 320g Marshmallow)<br \/>\n1x ovocn\u00e1 kytica Emilli (ve\u013ekos\u0165 M), napichovadl\u00e1.<\/p>\n","protected":false},"featured_media":12725,"template":"","meta":{"rs_blank_template":"","rs_page_bg_color":"","slide_template_v7":""},"product_brand":[],"product_cat":[93,111],"product_tag":[],"class_list":{"0":"post-12732","1":"product","2":"type-product","3":"status-publish","4":"has-post-thumbnail","6":"product_cat-catering","7":"product_cat-sladky-catering","9":"first","10":"instock","11":"taxable","12":"shipping-taxable","13":"product-type-simple"},"aioseo_notices":[],"jetpack_sharing_enabled":true,"_links":{"self":[{"href":"https:\/\/catering.mimosabrunch.sk\/index.php\/wp-json\/wp\/v2\/product\/12732","targetHints":{"allow":["GET"]}}],"collection":[{"href":"https:\/\/catering.mimosabrunch.sk\/index.php\/wp-json\/wp\/v2\/product"}],"about":[{"href":"https:\/\/catering.mimosabrunch.sk\/index.php\/wp-json\/wp\/v2\/types\/product"}],"wp:featuredmedia":[{"embeddable":true,"href":"https:\/\/catering.mimosabrunch.sk\/index.php\/wp-json\/wp\/v2\/media\/12725"}],"wp:attachment":[{"href":"https:\/\/catering.mimosabrunch.sk\/index.php\/wp-json\/wp\/v2\/media?parent=12732"}],"wp:term":[{"taxonomy":"product_brand","embeddable":true,"href":"https:\/\/catering.mimosabrunch.sk\/index.php\/wp-json\/wp\/v2\/product_brand?post=12732"},{"taxonomy":"product_cat","embeddable":true,"href":"https:\/\/catering.mimosabrunch.sk\/index.php\/wp-json\/wp\/v2\/product_cat?post=12732"},{"taxonomy":"product_tag","embeddable":true,"href":"https:\/\/catering.mimosabrunch.sk\/index.php\/wp-json\/wp\/v2\/product_tag?post=12732"}],"curies":[{"name":"wp","href":"https:\/\/api.w.org\/{rel}","templated":true}]}}